{"id":948,"date":"2023-02-17T15:51:17","date_gmt":"2023-02-17T15:51:17","guid":{"rendered":"https:\/\/library.startertemplatecloud.com\/g19\/?page_id=948"},"modified":"2024-08-14T17:28:56","modified_gmt":"2024-08-14T14:28:56","slug":"contact","status":"publish","type":"page","link":"https:\/\/parculatara.ro\/index.php\/contact\/","title":{"rendered":"Contact"},"content":{"rendered":"<style>.kb-google-maps-container948_89010c-c8{height:450px;}.kb-google-maps-container948_89010c-c8{filter:saturate(150%);}<\/style><div class=\"kb-google-maps-container kb-google-maps-container948_89010c-c8  wp-block-kadence-googlemaps\" data-mapid=\"948_89010cc8\"><iframe width=\"100%\" height=\"100%\"\n\t\t\t\t\t\t\tstyle=\"border:0\" loading=\"lazy\"\n\t\t\t\t\t\t\tsrc=\"https:\/\/www.google.com\/maps\/embed\/v1\/place?key=AIzaSyBAM2o7PiQqwk15LC1XRH2e_KJ-jUa7KYk&#038;zoom=9&#038;maptype=roadmap&#038;q=Parcul+la+tara\"\n\t\t\t\t\t\t\ttitle=\"Google map of Parcul la tara\"><\/iframe><\/div><script>function kb_google_map948_89010cc8() { let center = { lat: 37.8201, lng: -122.4781}; let map = new google.maps.Map(document.getElementById(\"kb-google-map948_89010cc8\"), {\n\t\t\t\t\t    zoom: 9,\n\t\t\t\t\t    center: center,});let marker = new google.maps.Marker({   position: { lat: 37.8201, lng: -122.4781},    map: map,  });}<\/script><style>.kb-row-layout-id948_244236-bc > .kt-row-column-wrap{align-content:start;}:where(.kb-row-layout-id948_244236-bc > .kt-row-column-wrap) > .wp-block-kadence-column{justify-content:start;}.kb-row-layout-id948_244236-bc > .kt-row-column-wrap{column-gap:var(--global-kb-gap-md, 2rem);row-gap:var(--global-kb-gap-sm, 1rem);max-width:var( --global-content-width, 1290px );padding-left:var(--global-content-edge-padding);padding-right:var(--global-content-edge-padding);padding-top:var(--global-kb-spacing-xl, 4rem);padding-bottom:var(--global-kb-spacing-3xl, 6.5rem);grid-template-columns:minmax(0, 1fr);}.kb-row-layout-id948_244236-bc > .kt-row-layout-overlay{opacity:0.85;background-image:url('https:\/\/parculatara.ro\/wp-content\/uploads\/2021\/09\/texture.png');background-size:contain;background-position:center center;background-attachment:scroll;background-repeat:repeat;mix-blend-mode:overlay;}@media all and (max-width: 1024px){.kb-row-layout-id948_244236-bc > .kt-row-column-wrap{grid-template-columns:minmax(0, 1fr);}}@media all and (max-width: 767px){.kb-row-layout-id948_244236-bc > .kt-row-column-wrap{grid-template-columns:minmax(0, 1fr);}}<\/style><div class=\"kb-row-layout-wrap kb-row-layout-id948_244236-bc alignnone has-theme-palette8-background-color kt-row-has-bg wp-block-kadence-rowlayout\"><div class=\"kt-row-layout-overlay kt-row-overlay-normal\"><\/div><div class=\"kt-row-column-wrap kt-has-1-columns kt-row-layout-equal kt-tab-layout-inherit kt-mobile-layout-row kt-row-valign-top kb-theme-content-width\">\n<style>.kadence-column948_4ed3a8-2c > .kt-inside-inner-col,.kadence-column948_4ed3a8-2c > .kt-inside-inner-col:before{border-top-left-radius:0px;border-top-right-radius:0px;border-bottom-right-radius:0px;border-bottom-left-radius:0px;}.kadence-column948_4ed3a8-2c > .kt-inside-inner-col{column-gap:var(--global-kb-gap-sm, 1rem);}.kadence-column948_4ed3a8-2c > .kt-inside-inner-col{flex-direction:column;}.kadence-column948_4ed3a8-2c > .kt-inside-inner-col > .aligncenter{width:100%;}.kadence-column948_4ed3a8-2c > .kt-inside-inner-col:before{opacity:0.3;}.kadence-column948_4ed3a8-2c{position:relative;}@media all and (max-width: 1024px){.kadence-column948_4ed3a8-2c > .kt-inside-inner-col{flex-direction:column;}}@media all and (max-width: 767px){.kadence-column948_4ed3a8-2c > .kt-inside-inner-col{flex-direction:column;}}<\/style>\n<div class=\"wp-block-kadence-column kadence-column948_4ed3a8-2c\"><div class=\"kt-inside-inner-col\"><style>.kb-row-layout-id948_0bb173-15 > .kt-row-column-wrap{align-content:start;}:where(.kb-row-layout-id948_0bb173-15 > .kt-row-column-wrap) > .wp-block-kadence-column{justify-content:start;}.kb-row-layout-id948_0bb173-15 > .kt-row-column-wrap{column-gap:var(--global-kb-gap-md, 2rem);row-gap:var(--global-kb-gap-md, 2rem);padding-top:var(--global-kb-spacing-sm, 1.5rem);padding-bottom:var(--global-kb-spacing-sm, 1.5rem);grid-template-columns:repeat(2, minmax(0, 1fr));}.kb-row-layout-id948_0bb173-15 > .kt-row-layout-overlay{opacity:0.30;}@media all and (max-width: 1024px){.kb-row-layout-id948_0bb173-15 > .kt-row-column-wrap{grid-template-columns:repeat(2, minmax(0, 1fr));}}@media all and (max-width: 767px){.kb-row-layout-id948_0bb173-15 > .kt-row-column-wrap{grid-template-columns:minmax(0, 1fr);}}<\/style><div class=\"kb-row-layout-wrap kb-row-layout-id948_0bb173-15 alignnone wp-block-kadence-rowlayout\"><div class=\"kt-row-column-wrap kt-has-2-columns kt-row-layout-equal kt-tab-layout-inherit kt-mobile-layout-row kt-row-valign-top\">\n<style>.kadence-column948_f142a1-19 > .kt-inside-inner-col,.kadence-column948_f142a1-19 > .kt-inside-inner-col:before{border-top-left-radius:0px;border-top-right-radius:0px;border-bottom-right-radius:0px;border-bottom-left-radius:0px;}.kadence-column948_f142a1-19 > .kt-inside-inner-col{column-gap:var(--global-kb-gap-sm, 1rem);}.kadence-column948_f142a1-19 > .kt-inside-inner-col{flex-direction:column;}.kadence-column948_f142a1-19 > .kt-inside-inner-col > .aligncenter{width:100%;}.kadence-column948_f142a1-19 > .kt-inside-inner-col:before{opacity:0.3;}.kadence-column948_f142a1-19{position:relative;}@media all and (max-width: 1024px){.kadence-column948_f142a1-19 > .kt-inside-inner-col{flex-direction:column;}}@media all and (max-width: 767px){.kadence-column948_f142a1-19 > .kt-inside-inner-col{flex-direction:column;}}<\/style>\n<div class=\"wp-block-kadence-column kadence-column948_f142a1-19\"><div class=\"kt-inside-inner-col\"><div class=\"wp-block-group is-vertical is-content-justification-center is-layout-flex wp-container-core-group-is-layout-1 wp-block-group-is-layout-flex\"><style>.wp-block-kadence-advancedheading.kt-adv-heading948_6427e8-71, .wp-block-kadence-advancedheading.kt-adv-heading948_6427e8-71[data-kb-block=\"kb-adv-heading948_6427e8-71\"]{text-align:center;font-style:normal;}.wp-block-kadence-advancedheading.kt-adv-heading948_6427e8-71 mark, .wp-block-kadence-advancedheading.kt-adv-heading948_6427e8-71[data-kb-block=\"kb-adv-heading948_6427e8-71\"] mark{font-style:normal;color:#f76a0c;padding-top:0px;padding-right:0px;padding-bottom:0px;padding-left:0px;}<\/style>\n<h5 class=\"kt-adv-heading948_6427e8-71 wp-block-kadence-advancedheading\" data-kb-block=\"kb-adv-heading948_6427e8-71\">S\u00e2mb\u0103t\u0103 \u2013 Duminic\u0103<br>10:00 \u2013 20:00<\/h5><\/div><\/div><\/div>\n\n<style>.kadence-column948_9bec03-79 > .kt-inside-inner-col,.kadence-column948_9bec03-79 > .kt-inside-inner-col:before{border-top-left-radius:0px;border-top-right-radius:0px;border-bottom-right-radius:0px;border-bottom-left-radius:0px;}.kadence-column948_9bec03-79 > .kt-inside-inner-col{column-gap:var(--global-kb-gap-sm, 1rem);}.kadence-column948_9bec03-79 > .kt-inside-inner-col{flex-direction:column;}.kadence-column948_9bec03-79 > .kt-inside-inner-col > .aligncenter{width:100%;}.kadence-column948_9bec03-79 > .kt-inside-inner-col{background-color:rgba(103, 103, 103, 0.18);}.kadence-column948_9bec03-79 > .kt-inside-inner-col:before{opacity:0.3;}.kadence-column948_9bec03-79{position:relative;}@media all and (max-width: 1024px){.kadence-column948_9bec03-79 > .kt-inside-inner-col{flex-direction:column;}}@media all and (max-width: 767px){.kadence-column948_9bec03-79 > .kt-inside-inner-col{flex-direction:column;}}<\/style>\n<div class=\"wp-block-kadence-column kadence-column948_9bec03-79\"><div class=\"kt-inside-inner-col\"><div class=\"wp-block-group is-vertical is-content-justification-center is-layout-flex wp-container-core-group-is-layout-2 wp-block-group-is-layout-flex\"><style>.wp-block-kadence-advancedheading.kt-adv-heading948_d991e2-39, .wp-block-kadence-advancedheading.kt-adv-heading948_d991e2-39[data-kb-block=\"kb-adv-heading948_d991e2-39\"]{margin-top:0px;text-align:center;font-style:normal;}.wp-block-kadence-advancedheading.kt-adv-heading948_d991e2-39 mark, .wp-block-kadence-advancedheading.kt-adv-heading948_d991e2-39[data-kb-block=\"kb-adv-heading948_d991e2-39\"] mark{font-style:normal;color:#f76a0c;padding-top:0px;padding-right:0px;padding-bottom:0px;padding-left:0px;}<\/style>\n<a href=\"mailto:contact@parculatara.ro\" class=\"kb-advanced-heading-link kt-adv-heading-link948_d991e2-39\"><h5 class=\"kt-adv-heading948_d991e2-39 wp-block-kadence-advancedheading\" data-kb-block=\"kb-adv-heading948_d991e2-39\">contact@parculatara.ro<\/h5><\/a><\/div><\/div><\/div>\n\n<style>.kadence-column948_558d63-10 > .kt-inside-inner-col{display:flex;}.kadence-column948_558d63-10 > .kt-inside-inner-col,.kadence-column948_558d63-10 > .kt-inside-inner-col:before{border-top-left-radius:0px;border-top-right-radius:0px;border-bottom-right-radius:0px;border-bottom-left-radius:0px;}.kadence-column948_558d63-10 > .kt-inside-inner-col{column-gap:var(--global-kb-gap-sm, 1rem);}.kadence-column948_558d63-10 > .kt-inside-inner-col{flex-direction:column;justify-content:center;}.kadence-column948_558d63-10 > .kt-inside-inner-col > .aligncenter{width:100%;}.kt-row-column-wrap > .kadence-column948_558d63-10{align-self:center;}.kt-inner-column-height-full:not(.kt-has-1-columns) > .wp-block-kadence-column.kadence-column948_558d63-10{align-self:auto;}.kt-inner-column-height-full:not(.kt-has-1-columns) > .wp-block-kadence-column.kadence-column948_558d63-10 > .kt-inside-inner-col{flex-direction:column;justify-content:center;}.kadence-column948_558d63-10 > .kt-inside-inner-col:before{opacity:0.3;}.kadence-column948_558d63-10{position:relative;}@media all and (max-width: 1024px){.kadence-column948_558d63-10 > .kt-inside-inner-col{flex-direction:column;}}@media all and (max-width: 767px){.kadence-column948_558d63-10 > .kt-inside-inner-col{flex-direction:column;}}<\/style>\n<div class=\"wp-block-kadence-column kadence-column948_558d63-10\"><div class=\"kt-inside-inner-col\"><div class=\"wp-block-group is-vertical is-content-justification-center is-layout-flex wp-container-core-group-is-layout-3 wp-block-group-is-layout-flex\"><style>.wp-block-kadence-advancedheading.kt-adv-heading948_d7dc9f-54, .wp-block-kadence-advancedheading.kt-adv-heading948_d7dc9f-54[data-kb-block=\"kb-adv-heading948_d7dc9f-54\"]{font-style:normal;}.wp-block-kadence-advancedheading.kt-adv-heading948_d7dc9f-54 mark, .wp-block-kadence-advancedheading.kt-adv-heading948_d7dc9f-54[data-kb-block=\"kb-adv-heading948_d7dc9f-54\"] mark{font-style:normal;color:#f76a0c;padding-top:0px;padding-right:0px;padding-bottom:0px;padding-left:0px;}<\/style>\n<a href=\"tel:0371789148\" class=\"kb-advanced-heading-link kt-adv-heading-link948_d7dc9f-54\"><h5 class=\"kt-adv-heading948_d7dc9f-54 wp-block-kadence-advancedheading\" data-kb-block=\"kb-adv-heading948_d7dc9f-54\">0371789148<br><\/h5><\/a><\/div><\/div><\/div>\n\n<style>.kadence-column948_262915-6a > .kt-inside-inner-col,.kadence-column948_262915-6a > .kt-inside-inner-col:before{border-top-left-radius:0px;border-top-right-radius:0px;border-bottom-right-radius:0px;border-bottom-left-radius:0px;}.kadence-column948_262915-6a > .kt-inside-inner-col{column-gap:var(--global-kb-gap-sm, 1rem);}.kadence-column948_262915-6a > .kt-inside-inner-col{flex-direction:column;}.kadence-column948_262915-6a > .kt-inside-inner-col > .aligncenter{width:100%;}.kadence-column948_262915-6a > .kt-inside-inner-col:before{opacity:0.3;}.kadence-column948_262915-6a{position:relative;}@media all and (max-width: 1024px){.kadence-column948_262915-6a > .kt-inside-inner-col{flex-direction:column;}}@media all and (max-width: 767px){.kadence-column948_262915-6a > .kt-inside-inner-col{flex-direction:column;}}<\/style>\n<div class=\"wp-block-kadence-column kadence-column948_262915-6a\"><div class=\"kt-inside-inner-col\"><div class=\"wp-block-group is-vertical is-content-justification-center is-layout-flex wp-container-core-group-is-layout-4 wp-block-group-is-layout-flex\"><style>.wp-block-kadence-advancedheading.kt-adv-heading948_a03ceb-2b, .wp-block-kadence-advancedheading.kt-adv-heading948_a03ceb-2b[data-kb-block=\"kb-adv-heading948_a03ceb-2b\"]{text-align:center;font-style:normal;background-color:rgba(103,103,103,0.12);}.wp-block-kadence-advancedheading.kt-adv-heading948_a03ceb-2b mark, .wp-block-kadence-advancedheading.kt-adv-heading948_a03ceb-2b[data-kb-block=\"kb-adv-heading948_a03ceb-2b\"] mark{font-style:normal;color:#f76a0c;padding-top:0px;padding-right:0px;padding-bottom:0px;padding-left:0px;}<\/style>\n<a href=\"https:\/\/www.google.com\/maps\/place\/Parcul+La+%C8%9Aar%C4%83\/@44.487745,25.6653827,17z\/data=!3m1!4b1!4m6!3m5!1s0x40b20a90ff7bf0ef:0xc598fabd1826b3c6!8m2!3d44.4877412!4d25.6679576!16s%2Fg%2F11bbrkt87w?entry=ttu\" class=\"kb-advanced-heading-link kt-adv-heading-link948_a03ceb-2b\" target=\"_blank\" rel=\"noopener noreferrer\"><h5 class=\"kt-adv-heading948_a03ceb-2b wp-block-kadence-advancedheading\" data-kb-block=\"kb-adv-heading948_a03ceb-2b\"> Autostrada A1, km 36, G\u0103iseni&nbsp;087085<\/h5><\/a><\/div><\/div><\/div>\n<\/div><\/div><\/div><\/div>\n<\/div><\/div><style>.kb-row-layout-id948_1a5a92-64 > .kt-row-column-wrap{align-content:start;}:where(.kb-row-layout-id948_1a5a92-64 > .kt-row-column-wrap) > .wp-block-kadence-column{justify-content:start;}.kb-row-layout-id948_1a5a92-64 > .kt-row-column-wrap{column-gap:var(--global-kb-gap-md, 2rem);row-gap:var(--global-kb-gap-md, 2rem);padding-top:var(--global-kb-spacing-sm, 1.5rem);padding-bottom:var(--global-kb-spacing-sm, 1.5rem);grid-template-columns:minmax(0, 1fr);}.kb-row-layout-id948_1a5a92-64 > .kt-row-layout-overlay{opacity:0.30;}@media all and (max-width: 1024px){.kb-row-layout-id948_1a5a92-64 > .kt-row-column-wrap{grid-template-columns:minmax(0, 1fr);}}@media all and (max-width: 767px){.kb-row-layout-id948_1a5a92-64 > .kt-row-column-wrap{grid-template-columns:minmax(0, 1fr);}}<\/style><div class=\"kb-row-layout-wrap kb-row-layout-id948_1a5a92-64 alignnone wp-block-kadence-rowlayout\"><div class=\"kt-row-column-wrap kt-has-1-columns kt-row-layout-equal kt-tab-layout-inherit kt-mobile-layout-row kt-row-valign-top\">\n<style>.kadence-column948_c8ae46-6b > .kt-inside-inner-col,.kadence-column948_c8ae46-6b > .kt-inside-inner-col:before{border-top-left-radius:0px;border-top-right-radius:0px;border-bottom-right-radius:0px;border-bottom-left-radius:0px;}.kadence-column948_c8ae46-6b > .kt-inside-inner-col{column-gap:var(--global-kb-gap-sm, 1rem);}.kadence-column948_c8ae46-6b > .kt-inside-inner-col{flex-direction:column;}.kadence-column948_c8ae46-6b > .kt-inside-inner-col > .aligncenter{width:100%;}.kadence-column948_c8ae46-6b > .kt-inside-inner-col:before{opacity:0.3;}.kadence-column948_c8ae46-6b{position:relative;}@media all and (max-width: 1024px){.kadence-column948_c8ae46-6b > .kt-inside-inner-col{flex-direction:column;}}@media all and (max-width: 767px){.kadence-column948_c8ae46-6b > .kt-inside-inner-col{flex-direction:column;}}<\/style>\n<div class=\"wp-block-kadence-column kadence-column948_c8ae46-6b\"><div class=\"kt-inside-inner-col\"><div class=\"wp-block-image\"><figure class=\"aligncenter\"><img loading=\"lazy\" decoding=\"async\" width=\"1099\" height=\"1600\" src=\"https:\/\/parculatara.ro\/wp-content\/uploads\/2024\/07\/748676da-844c-4006-be8f-08941863d222.jpg\" alt=\"\" class=\"wp-image-2208\" srcset=\"https:\/\/parculatara.ro\/wp-content\/uploads\/2024\/07\/748676da-844c-4006-be8f-08941863d222.jpg 1099w, https:\/\/parculatara.ro\/wp-content\/uploads\/2024\/07\/748676da-844c-4006-be8f-08941863d222-600x874.jpg 600w, https:\/\/parculatara.ro\/wp-content\/uploads\/2024\/07\/748676da-844c-4006-be8f-08941863d222-206x300.jpg 206w, https:\/\/parculatara.ro\/wp-content\/uploads\/2024\/07\/748676da-844c-4006-be8f-08941863d222-703x1024.jpg 703w, https:\/\/parculatara.ro\/wp-content\/uploads\/2024\/07\/748676da-844c-4006-be8f-08941863d222-768x1118.jpg 768w, https:\/\/parculatara.ro\/wp-content\/uploads\/2024\/07\/748676da-844c-4006-be8f-08941863d222-1055x1536.jpg 1055w\" sizes=\"(max-width: 1099px) 100vw, 1099px\" \/><\/figure><\/div><\/div><\/div>\n<\/div><\/div>","protected":false},"excerpt":{"rendered":"<p>S\u00e2mb\u0103t\u0103 \u2013 Duminic\u010310:00 \u2013 20:00 contact@parculatara.ro 0371789148 Autostrada A1, km 36, G\u0103iseni&nbsp;087085<\/p>\n","protected":false},"author":1,"featured_media":0,"parent":0,"menu_order":0,"comment_status":"closed","ping_status":"closed","template":"","meta":{"_kad_blocks_custom_css":"","_kad_blocks_head_custom_js":"","_kad_blocks_body_custom_js":"","_kad_blocks_footer_custom_js":"","_kadence_starter_templates_imported_post":true,"_kad_post_transparent":"","_kad_post_title":"","_kad_post_layout":"","_kad_post_sidebar_id":"","_kad_post_content_style":"","_kad_post_vertical_padding":"","_kad_post_feature":"","_kad_post_feature_position":"","_kad_post_header":false,"_kad_post_footer":false,"footnotes":""},"class_list":["post-948","page","type-page","status-publish","hentry"],"taxonomy_info":[],"featured_image_src_large":false,"author_info":{"display_name":"admin","author_link":"https:\/\/parculatara.ro\/index.php\/author\/admin\/"},"comment_info":0,"jetpack_sharing_enabled":true,"_links":{"self":[{"href":"https:\/\/parculatara.ro\/index.php\/wp-json\/wp\/v2\/pages\/948"}],"collection":[{"href":"https:\/\/parculatara.ro\/index.php\/wp-json\/wp\/v2\/pages"}],"about":[{"href":"https:\/\/parculatara.ro\/index.php\/wp-json\/wp\/v2\/types\/page"}],"author":[{"embeddable":true,"href":"https:\/\/parculatara.ro\/index.php\/wp-json\/wp\/v2\/users\/1"}],"replies":[{"embeddable":true,"href":"https:\/\/parculatara.ro\/index.php\/wp-json\/wp\/v2\/comments?post=948"}],"version-history":[{"count":24,"href":"https:\/\/parculatara.ro\/index.php\/wp-json\/wp\/v2\/pages\/948\/revisions"}],"predecessor-version":[{"id":2547,"href":"https:\/\/parculatara.ro\/index.php\/wp-json\/wp\/v2\/pages\/948\/revisions\/2547"}],"wp:attachment":[{"href":"https:\/\/parculatara.ro\/index.php\/wp-json\/wp\/v2\/media?parent=948"}],"curies":[{"name":"wp","href":"https:\/\/api.w.org\/{rel}","templated":true}]}}